{"id":27,"date":"2025-03-24T17:17:13","date_gmt":"2025-03-24T16:17:13","guid":{"rendered":"https:\/\/yogashalasxm.fr\/?page_id=27"},"modified":"2026-01-28T13:56:52","modified_gmt":"2026-01-28T12:56:52","slug":"27-2","status":"publish","type":"page","link":"https:\/\/yogashalasxm.fr\/?page_id=27","title":{"rendered":"Adh\u00e9sion"},"content":{"rendered":"\n<p><strong>La validation de l&rsquo;adh\u00e9sion se fera une fois le r\u00e8glement r\u00e9ceptionn\u00e9<\/strong><\/p>\n\n\n\n<p>Merci de consulter <a href=\"https:\/\/yogashalasxm.fr\/?page_id=36\" data-type=\"page\" data-id=\"36\">les statuts et le R\u00e8glement Int\u00e9rieur <\/a> avant de transmettre votre bulletin d&rsquo;adh\u00e9sion<\/p>\n\n\n\n<p class=\"has-luminous-vivid-amber-color has-text-color has-link-color wp-elements-35514153ec836f65c401c3f9610ff3d5\"><strong>Bulletin \u00e0 t\u00e9l\u00e9charger<\/strong><\/p>\n\n\n\n<p>Veuillez t\u00e9l\u00e9charger le bulletin d&rsquo;adh\u00e9sion ci-dessous (bouton t\u00e9l\u00e9charger), l&rsquo;imprimer, le compl\u00e9ter et le remettre ou l&rsquo;envoyer \u00e0 :&nbsp;&nbsp;<\/p>\n\n\n\n<p><em>Association YOGASHALA SEVA et MEDITATION&nbsp;<br>163, rue de la mairie, 62250 BEUVREQUEN&nbsp;<\/em><\/p>\n\n\n\n<p><strong><em>Des formulaires d&rsquo;adh\u00e9sion imprim\u00e9s sont \u00e9galement disponibles dans le studio de Yogatime SXM \u00e0 Beuvrequen<\/em><\/strong><\/p>\n\n\n\n<div data-wp-interactive=\"core\/file\" class=\"wp-block-file\"><object data-wp-bind--hidden=\"!state.hasPdfPreview\" hidden class=\"wp-block-file__embed\" data=\"https:\/\/yogashalasxm.fr\/wp-content\/uploads\/2026\/01\/bulletin-adhesion.pdf\" type=\"application\/pdf\" style=\"width:100%;height:600px\" aria-label=\"Contenu embarqu\u00e9 bulletin adhesion.\"><\/object><a id=\"wp-block-file--media-cba6dc25-8e1b-487b-b294-5649af3d9d77\" href=\"https:\/\/yogashalasxm.fr\/wp-content\/uploads\/2026\/01\/bulletin-adhesion.pdf\">bulletin adhesion<\/a><a href=\"https:\/\/yogashalasxm.fr\/wp-content\/uploads\/2026\/01\/bulletin-adhesion.pdf\" class=\"wp-block-file__button wp-element-button\" download aria-describedby=\"wp-block-file--media-cba6dc25-8e1b-487b-b294-5649af3d9d77\">T\u00e9l\u00e9charger<\/a><\/div>\n","protected":false},"excerpt":{"rendered":"<p>La validation de l&rsquo;adh\u00e9sion se fera une fois le r\u00e8glement r\u00e9ceptionn\u00e9 Merci de consulter les statuts et le R\u00e8glement Int\u00e9rieur avant de transmettre votre bulletin d&rsquo;adh\u00e9sion Bulletin \u00e0 t\u00e9l\u00e9charger Veuillez t\u00e9l\u00e9charger le bulletin d&rsquo;adh\u00e9sion ci-dessous (bouton t\u00e9l\u00e9charger), l&rsquo;imprimer, le&hellip;<\/p>\n<p> <a class=\"more-link\" href=\"https:\/\/yogashalasxm.fr\/?page_id=27\">Lire la suite<\/a><\/p>\n","protected":false},"author":1,"featured_media":0,"parent":0,"menu_order":0,"comment_status":"closed","ping_status":"closed","template":"","meta":{"footnotes":""},"class_list":["post-27","page","type-page","status-publish"],"_links":{"self":[{"href":"https:\/\/yogashalasxm.fr\/index.php?rest_route=\/wp\/v2\/pages\/27","targetHints":{"allow":["GET"]}}],"collection":[{"href":"https:\/\/yogashalasxm.fr\/index.php?rest_route=\/wp\/v2\/pages"}],"about":[{"href":"https:\/\/yogashalasxm.fr\/index.php?rest_route=\/wp\/v2\/types\/page"}],"author":[{"embeddable":true,"href":"https:\/\/yogashalasxm.fr\/index.php?rest_route=\/wp\/v2\/users\/1"}],"replies":[{"embeddable":true,"href":"https:\/\/yogashalasxm.fr\/index.php?rest_route=%2Fwp%2Fv2%2Fcomments&post=27"}],"version-history":[{"count":7,"href":"https:\/\/yogashalasxm.fr\/index.php?rest_route=\/wp\/v2\/pages\/27\/revisions"}],"predecessor-version":[{"id":650,"href":"https:\/\/yogashalasxm.fr\/index.php?rest_route=\/wp\/v2\/pages\/27\/revisions\/650"}],"wp:attachment":[{"href":"https:\/\/yogashalasxm.fr\/index.php?rest_route=%2Fwp%2Fv2%2Fmedia&parent=27"}],"curies":[{"name":"wp","href":"https:\/\/api.w.org\/{rel}","templated":true}]}}