{"id":42,"date":"2025-03-24T17:44:08","date_gmt":"2025-03-24T16:44:08","guid":{"rendered":"https:\/\/yogashalasxm.fr\/?page_id=42"},"modified":"2025-04-18T14:52:11","modified_gmt":"2025-04-18T12:52:11","slug":"livres-en-vente","status":"publish","type":"page","link":"https:\/\/yogashalasxm.fr\/?page_id=42","title":{"rendered":"Livres en vente"},"content":{"rendered":"\n<p>Shankara confie la vente des livres qu&rsquo;il a r\u00e9dig\u00e9s \u00e0 l&rsquo;A. YOGASHALA S&amp;M. Cela lui permet de contribuer \u00e0 la vie de l&rsquo;association.<\/p>\n\n\n\n<p>Sont ainsi disponibles \u00e0 la vente :<\/p>\n\n\n\n<ul class=\"wp-block-list\">\n<li>Les outils de la sant\u00e9<\/li>\n\n\n\n<li>Secrets de yoga<\/li>\n\n\n\n<li>Manuel de m\u00e9ditation selon le yoga<\/li>\n<\/ul>\n\n\n\n<p><strong>25 Euros le livre frais de port inclus<\/strong> (Pour les envois hors de la France, nous contacter, Merci).<\/p>\n\n\n\n<p>Pour passer commande de livres, merci de nous adresser votre demande par courrier (avec le nom du ou des livres) accompagn\u00e9 du r\u00e8glement  \u00e0 :<\/p>\n\n\n\n<p><em><strong>YOGASHALA S&amp;M<br>163 rue de la Mairie<br>62250 BEUVREQUEN<\/strong><\/em><\/p>\n\n\n\n<p>Pour toute question suppl\u00e9mentaire, merci de passer par le <a href=\"https:\/\/yogashalasxm.fr\/?page_id=150\" data-type=\"page\" data-id=\"150\">formulaire de contact<\/a> et de pr\u00e9ciser LIVRE dans l&rsquo;objet du formulaire.<\/p>\n\n\n\n<p><strong>La validation de la commande se fera une fois le r\u00e8glement r\u00e9ceptionn\u00e9<\/strong>.<br><strong><em>Vous pouvez \u00e9galement acheter les livres directement au studio YOGATIME SXM \u00e0 Beuvrequen<\/em><\/strong><\/p>\n\n\n\n<figure class=\"wp-block-gallery has-nested-images columns-default is-cropped wp-block-gallery-1 is-layout-flex wp-block-gallery-is-layout-flex\">\n<figure class=\"wp-block-image size-large is-style-rounded\"><img loading=\"lazy\" decoding=\"async\" width=\"727\" height=\"1024\" data-id=\"183\" src=\"https:\/\/yogashalasxm.fr\/wp-content\/uploads\/2025\/03\/Capture-decran-2025-03-26-a-14.38.07-727x1024.png\" alt=\"\" class=\"wp-image-183\" srcset=\"https:\/\/yogashalasxm.fr\/wp-content\/uploads\/2025\/03\/Capture-decran-2025-03-26-a-14.38.07-727x1024.png 727w, https:\/\/yogashalasxm.fr\/wp-content\/uploads\/2025\/03\/Capture-decran-2025-03-26-a-14.38.07-213x300.png 213w, https:\/\/yogashalasxm.fr\/wp-content\/uploads\/2025\/03\/Capture-decran-2025-03-26-a-14.38.07-768x1081.png 768w, https:\/\/yogashalasxm.fr\/wp-content\/uploads\/2025\/03\/Capture-decran-2025-03-26-a-14.38.07.png 1078w\" sizes=\"auto, (max-width: 727px) 100vw, 727px\" \/><\/figure>\n\n\n\n<figure class=\"wp-block-image size-large is-style-rounded\"><img loading=\"lazy\" decoding=\"async\" width=\"770\" height=\"1024\" data-id=\"182\" src=\"https:\/\/yogashalasxm.fr\/wp-content\/uploads\/2025\/03\/Capture-decran-2025-03-26-a-14.38.18-770x1024.png\" alt=\"\" class=\"wp-image-182\" srcset=\"https:\/\/yogashalasxm.fr\/wp-content\/uploads\/2025\/03\/Capture-decran-2025-03-26-a-14.38.18-770x1024.png 770w, https:\/\/yogashalasxm.fr\/wp-content\/uploads\/2025\/03\/Capture-decran-2025-03-26-a-14.38.18-226x300.png 226w, https:\/\/yogashalasxm.fr\/wp-content\/uploads\/2025\/03\/Capture-decran-2025-03-26-a-14.38.18-768x1021.png 768w, https:\/\/yogashalasxm.fr\/wp-content\/uploads\/2025\/03\/Capture-decran-2025-03-26-a-14.38.18-1155x1536.png 1155w, https:\/\/yogashalasxm.fr\/wp-content\/uploads\/2025\/03\/Capture-decran-2025-03-26-a-14.38.18.png 1200w\" sizes=\"auto, (max-width: 770px) 100vw, 770px\" \/><\/figure>\n\n\n\n<figure class=\"wp-block-image size-large is-style-rounded\"><img loading=\"lazy\" decoding=\"async\" width=\"708\" height=\"1024\" data-id=\"184\" src=\"https:\/\/yogashalasxm.fr\/wp-content\/uploads\/2025\/03\/Capture-decran-2025-03-26-a-14.38.31-708x1024.png\" alt=\"\" class=\"wp-image-184\" srcset=\"https:\/\/yogashalasxm.fr\/wp-content\/uploads\/2025\/03\/Capture-decran-2025-03-26-a-14.38.31-708x1024.png 708w, https:\/\/yogashalasxm.fr\/wp-content\/uploads\/2025\/03\/Capture-decran-2025-03-26-a-14.38.31-207x300.png 207w, https:\/\/yogashalasxm.fr\/wp-content\/uploads\/2025\/03\/Capture-decran-2025-03-26-a-14.38.31-768x1111.png 768w, https:\/\/yogashalasxm.fr\/wp-content\/uploads\/2025\/03\/Capture-decran-2025-03-26-a-14.38.31.png 990w\" sizes=\"auto, (max-width: 708px) 100vw, 708px\" \/><\/figure>\n<\/figure>\n","protected":false},"excerpt":{"rendered":"<p>Shankara confie la vente des livres qu&rsquo;il a r\u00e9dig\u00e9s \u00e0 l&rsquo;A. YOGASHALA S&amp;M. Cela lui permet de contribuer \u00e0 la vie de l&rsquo;association. Sont ainsi disponibles \u00e0 la vente : 25 Euros le livre frais de port inclus (Pour&hellip;<\/p>\n<p> <a class=\"more-link\" href=\"https:\/\/yogashalasxm.fr\/?page_id=42\">Lire la suite<\/a><\/p>\n","protected":false},"author":1,"featured_media":0,"parent":0,"menu_order":0,"comment_status":"closed","ping_status":"closed","template":"","meta":{"footnotes":""},"class_list":["post-42","page","type-page","status-publish"],"_links":{"self":[{"href":"https:\/\/yogashalasxm.fr\/index.php?rest_route=\/wp\/v2\/pages\/42","targetHints":{"allow":["GET"]}}],"collection":[{"href":"https:\/\/yogashalasxm.fr\/index.php?rest_route=\/wp\/v2\/pages"}],"about":[{"href":"https:\/\/yogashalasxm.fr\/index.php?rest_route=\/wp\/v2\/types\/page"}],"author":[{"embeddable":true,"href":"https:\/\/yogashalasxm.fr\/index.php?rest_route=\/wp\/v2\/users\/1"}],"replies":[{"embeddable":true,"href":"https:\/\/yogashalasxm.fr\/index.php?rest_route=%2Fwp%2Fv2%2Fcomments&post=42"}],"version-history":[{"count":9,"href":"https:\/\/yogashalasxm.fr\/index.php?rest_route=\/wp\/v2\/pages\/42\/revisions"}],"predecessor-version":[{"id":414,"href":"https:\/\/yogashalasxm.fr\/index.php?rest_route=\/wp\/v2\/pages\/42\/revisions\/414"}],"wp:attachment":[{"href":"https:\/\/yogashalasxm.fr\/index.php?rest_route=%2Fwp%2Fv2%2Fmedia&parent=42"}],"curies":[{"name":"wp","href":"https:\/\/api.w.org\/{rel}","templated":true}]}}